{"id":8155,"date":"2020-11-09T17:03:23","date_gmt":"2020-11-09T17:03:23","guid":{"rendered":"https:\/\/rivalago.it\/la-nostra-storia\/"},"modified":"2025-08-26T18:40:27","modified_gmt":"2025-08-26T18:40:27","slug":"unsere-geschichte","status":"publish","type":"page","link":"https:\/\/rivalago.it\/de\/hotel\/unsere-geschichte\/","title":{"rendered":"Unsere Geschichte"},"content":{"rendered":"<div class=\"wpb-content-wrapper\"><p>[vc_row][vc_column offset=&#8221;vc_col-md-offset-1 vc_col-md-10&#8243;]<!--================ Info Boxes ================-->\n<script>\n    (function($){\n        'use strict';\n\n        if(!$) return;\n\n        $(function(){\n            var $container = $('#vc-milenia-info-boxes-36252a4f3859da1c035c13a5764a0ba0-1778356145401279861'),\n                $dynamicBgElements,\n                $carousels;\n\n            if(!$container.length) return;\n\n            if(window.appear) {\n                appear({\n                    elements: function(){\n                        return document.querySelectorAll('#vc-milenia-info-boxes-36252a4f3859da1c035c13a5764a0ba0-1778356145401279861');\n                    },\n                    appear: function(element) {\n                        var $el = $(element);\n                        $el.addClass('milenia-visible').addClass($el.data('animation'));\n                    },\n                    reappear: false,\n                    bounds: -200\n                });\n            }\n\n            if(window.Milenia && window.Milenia.LinkUnderliner) {\n                window.Milenia.LinkUnderliner.init($container.find('a'));\n            }\n\n            if(window.Milenia && window.Milenia.helpers &&  window.Milenia.helpers.dynamicBgImage) {\n                $dynamicBgElements = $container.find('[data-bg-image-src]');\n                if($dynamicBgElements.length) window.Milenia.helpers.dynamicBgImage($dynamicBgElements);\n            }\n\n            if($.fn.owlCarousel) {\n                $carousels = $container.find('.milenia-simple-slideshow--shortcode');\n\n                if($carousels.length) {\n                    if(window.Milenia && window.Milenia.helpers && window.Milenia.helpers.owlSettings) {\n\n                        $carousels.jQueryImagesLoaded().then(function(){\n                                $carousels.each(function(i,e) {\n                                    $(e).owlCarousel(window.Milenia.helpers.owlSettings({\n                                        margin: 1,\n                                        loop: true,\n                                        autoplay: $(e).hasClass('milenia-simple-slideshow--autoplay')\n                                    }));\n                                });\n                        });\n\n                    }\n                    else {\n                        $carousels.owlCarousel({\n                            items: 1\n                        });\n                    }\n                }\n            }\n        });\n    })(window.jQuery);\n<\/script>\n\n<div id=\"vc-milenia-info-boxes-36252a4f3859da1c035c13a5764a0ba0-1778356145401279861\" class=\"milenia-entities milenia-entities--style-3 milenia-entities--unreverse milenia-entities--filled  milenia-visible\" data-animation=\"none\">\n    <div class=\"milenia-grid milenia-grid--cols-1 milenia-grid--no-gutters\">\n        <!--================ Info Boxes Item ================-->\n<div class=\"milenia-grid-item\">\n    <article class=\"milenia-entity format-standard\">\n        <div data-bg-image-src=\"https:\/\/rivalago.it\/wp-content\/uploads\/2020\/11\/la-nostra-storia-001.jpg\" style=\"background-image: url(https:\/\/rivalago.it\/wp-content\/uploads\/2020\/11\/la-nostra-storia-001.jpg)\" class=\"milenia-entity-media\"><\/div>\n\n\n        <div class=\"milenia-entity-content milenia-aligner\">\n            <div class=\"milenia-aligner-outer\">\n                <div class=\"milenia-aligner-inner\">\n                    <header class=\"milenia-entity-header\">\n                        \n                        \n                    <\/header>\n                    <div class=\"milenia-entity-body\"><p>Rivalago entstand 2006 nach einer sorgf\u00e4ltigen Renovierung, die seinen romantischen und exklusiven Charakter unterstrich.<\/p>\n<p>Seit jeher wird es von einer Familie gef\u00fchrt, die vom Iseosee stammt und ihre Ausbildung in der Hotellerie mit der herzlichen Gastfreundschaft echter Gastgeber verbindet.<\/p>\n<p>Die privilegierte pieds dans l\u2019eau-Lage verleiht Rivalago den Stolz auf einen atemberaubenden Ausblick sowie die exklusive Sicht auf das Dorf Montisola, das 2016 vom K\u00fcnstler Christo f\u00fcr sein ber\u00fchmtes Werk The Floating Piers ausgew\u00e4hlt wurde und den Iseosee weltweit bekannt machte.<\/p>\n<p>Ein Garten, der sanft zum See hinabf\u00fchrt, das Schwimmbad und der Steg am Wasser runden das Bild ab.<\/p>\n<p>Seit 2018 l\u00e4dt der neue Wintergarten dazu ein, Mittag- oder Abendessen zu genie\u00dfen oder einfach ein wenig zu entspannen \u2013 und das alles, ohne jemals auf das Panorama verzichten zu m\u00fcssen.<\/p>\n<\/div>\n\n                    \n                <\/div>\n            <\/div>\n        <\/div>\n    <\/article>\n<\/div>\n<!--================ End of Info Boxes Item ================-->\n\n    <\/div>\n<\/div>\n<!--================ End of Info Boxes ================-->\n[\/vc_column][\/vc_row][vc_row][vc_column offset=&#8221;vc_col-md-offset-1 vc_col-md-10&#8243;][vc_row_inner css=&#8221;.vc_custom_1603896165231{padding-top: 0px !important;padding-bottom: 20px !important;}&#8221;][vc_column_inner][vc_video link=&#8221;https:\/\/vimeo.com\/108909206&#8243;][\/vc_column_inner][\/vc_row_inner][\/vc_column][\/vc_row][vc_row][vc_column offset=&#8221;vc_col-md-offset-1 vc_col-md-10&#8243;][vc_row_inner css=&#8221;.vc_custom_1603896165231{padding-top: 0px !important;padding-bottom: 20px !important;}&#8221;][vc_column_inner]<script>\n    (function($){\n        'use strict';\n\n        var $container, $filter, $grid, $fancyboxLinks;\n\n        if(!$) return;\n\n        $(function(){\n            \/\/ Check all necessary modules have been included\n            if(!window.Milenia || !window.MileniaIsotopeWrapper || !$.fn.isotope || !$.fn.jQueryImagesLoaded) return;\n\n            $container = $('#vc-gallery-container-78c0e45b4cd2af23c16a3a997385db5b-17783561451861652069');\n            $grid = $container.find('.milenia-grid--isotope');\n            $filter = $('#vc-gallery-filter-cc9041092dd025a4c1d08e40bc0bea8d-17783561451580309489');\n\n            if(!$container.length || !$grid.length) return;\n\n            if(window.appear) {\n                appear({\n                    elements: function(){\n                        return document.querySelectorAll('#vc-gallery-container-78c0e45b4cd2af23c16a3a997385db5b-17783561451861652069');\n                    },\n                    appear: function(element) {\n                        var $el = $(element);\n                        $el.addClass('milenia-visible').addClass($el.data('animation'));\n                    },\n                    reappear: false,\n                    bounds: -200\n                });\n            }\n\n            $container.jQueryImagesLoaded().then(function(){\n                MileniaIsotopeWrapper.init($grid, {\n                    itemSelector: '.milenia-grid-item',\n                    transitionDuration: Milenia.ANIMATIONDURATION\n                });\n            });\n\n            if(window.Milenia.LinkUnderliner) {\n                window.Milenia.LinkUnderliner.init($container.find('a'));\n                if($filter.length) {\n                    window.Milenia.LinkUnderliner.init($filter.find('a'));\n                }\n            }\n        });\n    })(window.jQuery);\n<\/script>\n<!-- - - - - - - - - - - - - - Isotope Container - - - - - - - - - - - - - - - - -->\n\n<div id=\"vc-gallery-container-78c0e45b4cd2af23c16a3a997385db5b-17783561451861652069\" class=\"milenia-gallery milenia-visible\" data-animation=\"none\">\n    <div class=\"milenia-grid milenia-grid--isotope milenia-grid--shortcode milenia-grid--cols-4\"\n         data-isotope-layout=\"grid\"\n         data-isotope-filter=\"#vc-gallery-filter-cc9041092dd025a4c1d08e40bc0bea8d-17783561451580309489\"\n         data-items-per-page=\"30\">\n        <div class=\"milenia-grid-sizer\"><\/div>\n        \n\t\t\t\t\n<!-- - - - - - - - - - - - - - Gallery Item - - - - - - - - - - - - - -->\n<figure class=\"milenia-grid-item post-4979 milenia-galleries type-milenia-galleries status-publish hentry milenia-gallery-categories-struttura\">\n            <a href=\"https:\/\/rivalago.it\/wp-content\/uploads\/2020\/11\/the-floating-piers-6.jpg\" class=\"milenia-ln--independent milenia-gallery-item-link\"\n\t\t   data-caption=\"\"\n\t\t   data-fancybox=\"vc-gallery-container-78c0e45b4cd2af23c16a3a997385db5b-17783561451861652069\"\n           >\n            <img loading=\"lazy\" decoding=\"async\" width=\"660\" height=\"440\" src=\"https:\/\/rivalago.it\/wp-content\/uploads\/2020\/11\/the-floating-piers-6-660x440.jpg\" class=\"attachment-entity-thumb-size-rectangle size-entity-thumb-size-rectangle\" alt=\"\" srcset=\"https:\/\/rivalago.it\/wp-content\/uploads\/2020\/11\/the-floating-piers-6-660x440.jpg 660w, https:\/\/rivalago.it\/wp-content\/uploads\/2020\/11\/the-floating-piers-6-300x200.jpg 300w, https:\/\/rivalago.it\/wp-content\/uploads\/2020\/11\/the-floating-piers-6-1024x683.jpg 1024w, https:\/\/rivalago.it\/wp-content\/uploads\/2020\/11\/the-floating-piers-6-768x512.jpg 768w, https:\/\/rivalago.it\/wp-content\/uploads\/2020\/11\/the-floating-piers-6-600x400.jpg 600w, https:\/\/rivalago.it\/wp-content\/uploads\/2020\/11\/the-floating-piers-6.jpg 1200w\" sizes=\"auto, (max-width: 660px) 100vw, 660px\" \/>    <\/a>\n    <\/figure>\n<!-- - - - - - - - - - - - - - End of Gallery Item - - - - - - - - - - - - - -->\n\n            \t\n\t\t\t\t\n<!-- - - - - - - - - - - - - - Gallery Item - - - - - - - - - - - - - -->\n<figure class=\"milenia-grid-item post-4979 milenia-galleries type-milenia-galleries status-publish hentry milenia-gallery-categories-struttura\">\n            <a href=\"https:\/\/rivalago.it\/wp-content\/uploads\/2020\/11\/DSC_4666.jpg\" class=\"milenia-ln--independent milenia-gallery-item-link\"\n\t\t   data-caption=\"\"\n\t\t   data-fancybox=\"vc-gallery-container-78c0e45b4cd2af23c16a3a997385db5b-17783561451861652069\"\n           >\n            <img loading=\"lazy\" decoding=\"async\" width=\"660\" height=\"440\" src=\"https:\/\/rivalago.it\/wp-content\/uploads\/2020\/11\/DSC_4666-660x440.jpg\" class=\"attachment-entity-thumb-size-rectangle size-entity-thumb-size-rectangle\" alt=\"\" \/>    <\/a>\n    <\/figure>\n<!-- - - - - - - - - - - - - - End of Gallery Item - - - - - - - - - - - - - -->\n\n            \t\n    <\/div>\n<\/div>\n<!-- - - - - - - - - - - - - - End of Isotope Container - - - - - - - - - - - - - - - - -->\n[\/vc_column_inner][\/vc_row_inner][\/vc_column][\/vc_row]<\/p>\n<\/div>","protected":false},"excerpt":{"rendered":"<p>[vc_row][vc_column offset=&#8221;vc_col-md-offset-1 vc_col-md-10&#8243;][\/vc_column][\/vc_row][vc_row][vc_column offset=&#8221;vc_col-md-offset-1 vc_col-md-10&#8243;][vc_row_inner css=&#8221;.vc_custom_1603896165231{padding-top: 0px !important;padding-bottom: 20px !important;}&#8221;][vc_column_inner][vc_video link=&#8221;https:\/\/vimeo.com\/108909206&#8243;][\/vc_column_inner][\/vc_row_inner][\/vc_column][\/vc_row][vc_row][vc_column offset=&#8221;vc_col-md-offset-1 vc_col-md-10&#8243;][vc_row_inner css=&#8221;.vc_custom_1603896165231{padding-top: 0px !important;padding-bottom: 20px !important;}&#8221;][vc_column_inner][\/vc_column_inner][\/vc_row_inner][\/vc_column][\/vc_row]<\/p>\n","protected":false},"author":11,"featured_media":0,"parent":8624,"menu_order":0,"comment_status":"closed","ping_status":"closed","template":"","meta":{"_acf_changed":false,"footnotes":""},"class_list":["post-8155","page","type-page","status-publish","hentry"],"acf":[],"yoast_head":"<!-- This site is optimized with the Yoast SEO plugin v27.4 - https:\/\/yoast.com\/product\/yoast-seo-wordpress\/ -->\n<title>Unsere Geschichte - Hotel Rivalago<\/title>\n<meta name=\"robots\" content=\"index, follow, max-snippet:-1, max-image-preview:large, max-video-preview:-1\" \/>\n<link rel=\"canonical\" href=\"https:\/\/rivalago.it\/de\/hotel\/unsere-geschichte\/\" \/>\n<meta property=\"og:locale\" content=\"de_DE\" \/>\n<meta property=\"og:type\" content=\"article\" \/>\n<meta property=\"og:title\" content=\"Unsere Geschichte - Hotel Rivalago\" \/>\n<meta property=\"og:description\" content=\"[vc_row][vc_column offset=&#8221;vc_col-md-offset-1 vc_col-md-10&#8243;][\/vc_column][\/vc_row][vc_row][vc_column offset=&#8221;vc_col-md-offset-1 vc_col-md-10&#8243;][vc_row_inner css=&#8221;.vc_custom_1603896165231{padding-top: 0px !important;padding-bottom: 20px !important;}&#8221;][vc_column_inner][vc_video link=&#8221;https:\/\/vimeo.com\/108909206&#8243;][\/vc_column_inner][\/vc_row_inner][\/vc_column][\/vc_row][vc_row][vc_column offset=&#8221;vc_col-md-offset-1 vc_col-md-10&#8243;][vc_row_inner css=&#8221;.vc_custom_1603896165231{padding-top: 0px !important;padding-bottom: 20px !important;}&#8221;][vc_column_inner][\/vc_column_inner][\/vc_row_inner][\/vc_column][\/vc_row]\" \/>\n<meta property=\"og:url\" content=\"https:\/\/rivalago.it\/de\/hotel\/unsere-geschichte\/\" \/>\n<meta property=\"og:site_name\" content=\"Hotel Rivalago\" \/>\n<meta property=\"article:modified_time\" content=\"2025-08-26T18:40:27+00:00\" \/>\n<meta name=\"twitter:card\" content=\"summary_large_image\" \/>\n<meta name=\"twitter:label1\" content=\"Gesch\u00e4tzte Lesezeit\" \/>\n\t<meta name=\"twitter:data1\" content=\"1\u00a0Minute\" \/>\n<script type=\"application\/ld+json\" class=\"yoast-schema-graph\">{\"@context\":\"https:\\\/\\\/schema.org\",\"@graph\":[{\"@type\":\"WebPage\",\"@id\":\"https:\\\/\\\/rivalago.it\\\/de\\\/hotel\\\/unsere-geschichte\\\/\",\"url\":\"https:\\\/\\\/rivalago.it\\\/de\\\/hotel\\\/unsere-geschichte\\\/\",\"name\":\"Unsere Geschichte - Hotel Rivalago\",\"isPartOf\":{\"@id\":\"https:\\\/\\\/rivalago.it\\\/de\\\/#website\"},\"datePublished\":\"2020-11-09T17:03:23+00:00\",\"dateModified\":\"2025-08-26T18:40:27+00:00\",\"breadcrumb\":{\"@id\":\"https:\\\/\\\/rivalago.it\\\/de\\\/hotel\\\/unsere-geschichte\\\/#breadcrumb\"},\"inLanguage\":\"de\",\"potentialAction\":[{\"@type\":\"ReadAction\",\"target\":[\"https:\\\/\\\/rivalago.it\\\/de\\\/hotel\\\/unsere-geschichte\\\/\"]}]},{\"@type\":\"BreadcrumbList\",\"@id\":\"https:\\\/\\\/rivalago.it\\\/de\\\/hotel\\\/unsere-geschichte\\\/#breadcrumb\",\"itemListElement\":[{\"@type\":\"ListItem\",\"position\":1,\"name\":\"Home\",\"item\":\"https:\\\/\\\/rivalago.it\\\/de\\\/\"},{\"@type\":\"ListItem\",\"position\":2,\"name\":\"Hotel\",\"item\":\"https:\\\/\\\/rivalago.it\\\/de\\\/hotel\\\/\"},{\"@type\":\"ListItem\",\"position\":3,\"name\":\"Unsere Geschichte\"}]},{\"@type\":\"WebSite\",\"@id\":\"https:\\\/\\\/rivalago.it\\\/de\\\/#website\",\"url\":\"https:\\\/\\\/rivalago.it\\\/de\\\/\",\"name\":\"Hotel Rivalago\",\"description\":\"Il luogo pi\u00f9 esclusivo dove trascorrere piacevoli villeggiature in riva al lago d&#039;Iseo\",\"publisher\":{\"@id\":\"https:\\\/\\\/rivalago.it\\\/de\\\/#organization\"},\"potentialAction\":[{\"@type\":\"SearchAction\",\"target\":{\"@type\":\"EntryPoint\",\"urlTemplate\":\"https:\\\/\\\/rivalago.it\\\/de\\\/?s={search_term_string}\"},\"query-input\":{\"@type\":\"PropertyValueSpecification\",\"valueRequired\":true,\"valueName\":\"search_term_string\"}}],\"inLanguage\":\"de\"},{\"@type\":\"Organization\",\"@id\":\"https:\\\/\\\/rivalago.it\\\/de\\\/#organization\",\"name\":\"Hotel Rivalago\",\"url\":\"https:\\\/\\\/rivalago.it\\\/de\\\/\",\"logo\":{\"@type\":\"ImageObject\",\"inLanguage\":\"de\",\"@id\":\"https:\\\/\\\/rivalago.it\\\/de\\\/#\\\/schema\\\/logo\\\/image\\\/\",\"url\":\"https:\\\/\\\/rivalago.it\\\/wp-content\\\/uploads\\\/2018\\\/10\\\/hotel-rivalago-logo@2x.png\",\"contentUrl\":\"https:\\\/\\\/rivalago.it\\\/wp-content\\\/uploads\\\/2018\\\/10\\\/hotel-rivalago-logo@2x.png\",\"width\":400,\"height\":158,\"caption\":\"Hotel Rivalago\"},\"image\":{\"@id\":\"https:\\\/\\\/rivalago.it\\\/de\\\/#\\\/schema\\\/logo\\\/image\\\/\"}}]}<\/script>\n<!-- \/ Yoast SEO plugin. -->","yoast_head_json":{"title":"Unsere Geschichte - Hotel Rivalago","robots":{"index":"index","follow":"follow","max-snippet":"max-snippet:-1","max-image-preview":"max-image-preview:large","max-video-preview":"max-video-preview:-1"},"canonical":"https:\/\/rivalago.it\/de\/hotel\/unsere-geschichte\/","og_locale":"de_DE","og_type":"article","og_title":"Unsere Geschichte - Hotel Rivalago","og_description":"[vc_row][vc_column offset=&#8221;vc_col-md-offset-1 vc_col-md-10&#8243;][\/vc_column][\/vc_row][vc_row][vc_column offset=&#8221;vc_col-md-offset-1 vc_col-md-10&#8243;][vc_row_inner css=&#8221;.vc_custom_1603896165231{padding-top: 0px !important;padding-bottom: 20px !important;}&#8221;][vc_column_inner][vc_video link=&#8221;https:\/\/vimeo.com\/108909206&#8243;][\/vc_column_inner][\/vc_row_inner][\/vc_column][\/vc_row][vc_row][vc_column offset=&#8221;vc_col-md-offset-1 vc_col-md-10&#8243;][vc_row_inner css=&#8221;.vc_custom_1603896165231{padding-top: 0px !important;padding-bottom: 20px !important;}&#8221;][vc_column_inner][\/vc_column_inner][\/vc_row_inner][\/vc_column][\/vc_row]","og_url":"https:\/\/rivalago.it\/de\/hotel\/unsere-geschichte\/","og_site_name":"Hotel Rivalago","article_modified_time":"2025-08-26T18:40:27+00:00","twitter_card":"summary_large_image","twitter_misc":{"Gesch\u00e4tzte Lesezeit":"1\u00a0Minute"},"schema":{"@context":"https:\/\/schema.org","@graph":[{"@type":"WebPage","@id":"https:\/\/rivalago.it\/de\/hotel\/unsere-geschichte\/","url":"https:\/\/rivalago.it\/de\/hotel\/unsere-geschichte\/","name":"Unsere Geschichte - Hotel Rivalago","isPartOf":{"@id":"https:\/\/rivalago.it\/de\/#website"},"datePublished":"2020-11-09T17:03:23+00:00","dateModified":"2025-08-26T18:40:27+00:00","breadcrumb":{"@id":"https:\/\/rivalago.it\/de\/hotel\/unsere-geschichte\/#breadcrumb"},"inLanguage":"de","potentialAction":[{"@type":"ReadAction","target":["https:\/\/rivalago.it\/de\/hotel\/unsere-geschichte\/"]}]},{"@type":"BreadcrumbList","@id":"https:\/\/rivalago.it\/de\/hotel\/unsere-geschichte\/#breadcrumb","itemListElement":[{"@type":"ListItem","position":1,"name":"Home","item":"https:\/\/rivalago.it\/de\/"},{"@type":"ListItem","position":2,"name":"Hotel","item":"https:\/\/rivalago.it\/de\/hotel\/"},{"@type":"ListItem","position":3,"name":"Unsere Geschichte"}]},{"@type":"WebSite","@id":"https:\/\/rivalago.it\/de\/#website","url":"https:\/\/rivalago.it\/de\/","name":"Hotel Rivalago","description":"Il luogo pi\u00f9 esclusivo dove trascorrere piacevoli villeggiature in riva al lago d&#039;Iseo","publisher":{"@id":"https:\/\/rivalago.it\/de\/#organization"},"potentialAction":[{"@type":"SearchAction","target":{"@type":"EntryPoint","urlTemplate":"https:\/\/rivalago.it\/de\/?s={search_term_string}"},"query-input":{"@type":"PropertyValueSpecification","valueRequired":true,"valueName":"search_term_string"}}],"inLanguage":"de"},{"@type":"Organization","@id":"https:\/\/rivalago.it\/de\/#organization","name":"Hotel Rivalago","url":"https:\/\/rivalago.it\/de\/","logo":{"@type":"ImageObject","inLanguage":"de","@id":"https:\/\/rivalago.it\/de\/#\/schema\/logo\/image\/","url":"https:\/\/rivalago.it\/wp-content\/uploads\/2018\/10\/hotel-rivalago-logo@2x.png","contentUrl":"https:\/\/rivalago.it\/wp-content\/uploads\/2018\/10\/hotel-rivalago-logo@2x.png","width":400,"height":158,"caption":"Hotel Rivalago"},"image":{"@id":"https:\/\/rivalago.it\/de\/#\/schema\/logo\/image\/"}}]}},"_links":{"self":[{"href":"https:\/\/rivalago.it\/de\/wp-json\/wp\/v2\/pages\/8155","targetHints":{"allow":["GET"]}}],"collection":[{"href":"https:\/\/rivalago.it\/de\/wp-json\/wp\/v2\/pages"}],"about":[{"href":"https:\/\/rivalago.it\/de\/wp-json\/wp\/v2\/types\/page"}],"author":[{"embeddable":true,"href":"https:\/\/rivalago.it\/de\/wp-json\/wp\/v2\/users\/11"}],"replies":[{"embeddable":true,"href":"https:\/\/rivalago.it\/de\/wp-json\/wp\/v2\/comments?post=8155"}],"version-history":[{"count":3,"href":"https:\/\/rivalago.it\/de\/wp-json\/wp\/v2\/pages\/8155\/revisions"}],"predecessor-version":[{"id":8623,"href":"https:\/\/rivalago.it\/de\/wp-json\/wp\/v2\/pages\/8155\/revisions\/8623"}],"up":[{"embeddable":true,"href":"https:\/\/rivalago.it\/de\/wp-json\/wp\/v2\/pages\/8624"}],"wp:attachment":[{"href":"https:\/\/rivalago.it\/de\/wp-json\/wp\/v2\/media?parent=8155"}],"curies":[{"name":"wp","href":"https:\/\/api.w.org\/{rel}","templated":true}]}}