{"id":8565,"date":"2020-11-09T16:26:02","date_gmt":"2020-11-09T16:26:02","guid":{"rendered":"https:\/\/rivalago.it\/eventi\/"},"modified":"2025-08-27T13:39:17","modified_gmt":"2025-08-27T13:39:17","slug":"events","status":"publish","type":"page","link":"https:\/\/rivalago.it\/de\/events\/","title":{"rendered":"Events"},"content":{"rendered":"<div class=\"wpb-content-wrapper\"><p>[vc_row][vc_column]<!--================ Info Boxes ================-->\n<script>\n    (function($){\n        'use strict';\n\n        if(!$) return;\n\n        $(function(){\n            var $container = $('#vc-milenia-info-boxes-49816f5c61ca9eca920cdd2915849992-1776591791204140966'),\n                $dynamicBgElements,\n                $carousels;\n\n            if(!$container.length) return;\n\n            if(window.appear) {\n                appear({\n                    elements: function(){\n                        return document.querySelectorAll('#vc-milenia-info-boxes-49816f5c61ca9eca920cdd2915849992-1776591791204140966');\n                    },\n                    appear: function(element) {\n                        var $el = $(element);\n                        $el.addClass('milenia-visible').addClass($el.data('animation'));\n                    },\n                    reappear: false,\n                    bounds: -200\n                });\n            }\n\n            if(window.Milenia && window.Milenia.LinkUnderliner) {\n                window.Milenia.LinkUnderliner.init($container.find('a'));\n            }\n\n            if(window.Milenia && window.Milenia.helpers &&  window.Milenia.helpers.dynamicBgImage) {\n                $dynamicBgElements = $container.find('[data-bg-image-src]');\n                if($dynamicBgElements.length) window.Milenia.helpers.dynamicBgImage($dynamicBgElements);\n            }\n\n            if($.fn.owlCarousel) {\n                $carousels = $container.find('.milenia-simple-slideshow--shortcode');\n\n                if($carousels.length) {\n                    if(window.Milenia && window.Milenia.helpers && window.Milenia.helpers.owlSettings) {\n\n                        $carousels.jQueryImagesLoaded().then(function(){\n                                $carousels.each(function(i,e) {\n                                    $(e).owlCarousel(window.Milenia.helpers.owlSettings({\n                                        margin: 1,\n                                        loop: true,\n                                        autoplay: $(e).hasClass('milenia-simple-slideshow--autoplay')\n                                    }));\n                                });\n                        });\n\n                    }\n                    else {\n                        $carousels.owlCarousel({\n                            items: 1\n                        });\n                    }\n                }\n            }\n        });\n    })(window.jQuery);\n<\/script>\n\n<div id=\"vc-milenia-info-boxes-49816f5c61ca9eca920cdd2915849992-1776591791204140966\" class=\"milenia-entities milenia-entities--style-3 milenia-entities--unreverse milenia-entities--filled  milenia-visible\" data-animation=\"none\">\n    <div class=\"milenia-grid milenia-grid--cols-1 milenia-grid--no-gutters\">\n        <!--================ Info Boxes Item ================-->\n<div class=\"milenia-grid-item\">\n    <article class=\"milenia-entity format-standard\">\n        <div data-bg-image-src=\"https:\/\/rivalago.it\/wp-content\/uploads\/2020\/11\/weddings-001.jpg\" style=\"background-image: url(https:\/\/rivalago.it\/wp-content\/uploads\/2020\/11\/weddings-001.jpg)\" class=\"milenia-entity-media\">\n    <a href=\"\/de\/events\/hochzeiten\/\" title=\"Hochzeiten\"   class=\"milenia-ln--independent milenia-entity-link\"><\/a>\n<\/div>\n\n\n        <div class=\"milenia-entity-content milenia-aligner\">\n            <div class=\"milenia-aligner-outer\">\n                <div class=\"milenia-aligner-inner\">\n                    <header class=\"milenia-entity-header\">\n                        \n                        <h2 class=\"milenia-entity-title\">Hochzeiten<\/h2>\n\n                    <\/header>\n                    <div class=\"milenia-entity-body\"><p>Die Verwirklichung Ihres Liebestraums im Rivalago ist ein wirklich einzigartiges Erlebnis. Die romantische und zarte Atmosph\u00e4re sorgt f\u00fcr echte Emotionen f\u00fcr Sie und all Ihre G\u00e4ste. Das Hotel bietet einen Hochzeitsplanungsservice und k\u00fcmmert sich um alle Details, einschlie\u00dflich Dokumente, Dekorationen, Zeitplanung, Fotograf und alles, was n\u00f6tig ist, um diesen Moment unvergesslich zu machen.<\/p>\n<\/div>\n\n                    <footer class=\"milenia-entity-footer\">\n    <a href=\"\/de\/events\/hochzeiten\/\"  title=\"Hochzeiten\"  class=\"milenia-btn\">Vai<\/a>\n<\/footer>\n\n                <\/div>\n            <\/div>\n        <\/div>\n    <\/article>\n<\/div>\n<!--================ End of Info Boxes Item ================-->\n\r\n<!--================ Info Boxes Item ================-->\n<div class=\"milenia-grid-item\">\n    <article class=\"milenia-entity format-standard\">\n        <div data-bg-image-src=\"https:\/\/rivalago.it\/wp-content\/uploads\/2025\/08\/meeting-eventi-2025-home.jpg\" style=\"background-image: url(https:\/\/rivalago.it\/wp-content\/uploads\/2025\/08\/meeting-eventi-2025-home.jpg)\" class=\"milenia-entity-media\">\n    <a href=\"\/de\/events\/meetings\/\" title=\"Meetings\"   class=\"milenia-ln--independent milenia-entity-link\"><\/a>\n<\/div>\n\n\n        <div class=\"milenia-entity-content milenia-aligner\">\n            <div class=\"milenia-aligner-outer\">\n                <div class=\"milenia-aligner-inner\">\n                    <header class=\"milenia-entity-header\">\n                        \n                        <h2 class=\"milenia-entity-title\">Meetings<\/h2>\n\n                    <\/header>\n                    <div class=\"milenia-entity-body\"><p>Nicht nur ein gew\u00f6hnlicher Konferenzraum, sondern ein echter Salon, in dem Sie in einer famili\u00e4ren und professionellen Atmosph\u00e4re arbeiten k\u00f6nnen. Unser Raum ist mit allen audiovisuellen Materialien ausgestattet, die f\u00fcr Ihre gesch\u00e4ftliche Veranstaltung oder Ihr Teambuilding ben\u00f6tigt werden.<\/p>\n<\/div>\n\n                    <footer class=\"milenia-entity-footer\">\n    <a href=\"\/de\/events\/meetings\/\"  title=\"Meetings\"  class=\"milenia-btn\">Vai<\/a>\n<\/footer>\n\n                <\/div>\n            <\/div>\n        <\/div>\n    <\/article>\n<\/div>\n<!--================ End of Info Boxes Item ================-->\n\n    <\/div>\n<\/div>\n<!--================ End of Info Boxes ================-->\n[\/vc_column][\/vc_row]<\/p>\n<\/div>","protected":false},"excerpt":{"rendered":"<p>[vc_row][vc_column][\/vc_column][\/vc_row]<\/p>\n","protected":false},"author":11,"featured_media":0,"parent":0,"menu_order":0,"comment_status":"closed","ping_status":"closed","template":"","meta":{"_acf_changed":false,"footnotes":""},"class_list":["post-8565","page","type-page","status-publish","hentry"],"acf":[],"yoast_head":"<!-- This site is optimized with the Yoast SEO plugin v27.3 - https:\/\/yoast.com\/product\/yoast-seo-wordpress\/ -->\n<title>Events - Hotel Rivalago<\/title>\n<meta name=\"robots\" content=\"index, follow, max-snippet:-1, max-image-preview:large, max-video-preview:-1\" \/>\n<link rel=\"canonical\" href=\"https:\/\/rivalago.it\/de\/events\/\" \/>\n<meta property=\"og:locale\" content=\"de_DE\" \/>\n<meta property=\"og:type\" content=\"article\" \/>\n<meta property=\"og:title\" content=\"Events - Hotel Rivalago\" \/>\n<meta property=\"og:description\" content=\"[vc_row][vc_column][\/vc_column][\/vc_row]\" \/>\n<meta property=\"og:url\" content=\"https:\/\/rivalago.it\/de\/events\/\" \/>\n<meta property=\"og:site_name\" content=\"Hotel Rivalago\" \/>\n<meta property=\"article:modified_time\" content=\"2025-08-27T13:39:17+00:00\" \/>\n<meta name=\"twitter:card\" content=\"summary_large_image\" \/>\n<meta name=\"twitter:label1\" content=\"Gesch\u00e4tzte Lesezeit\" \/>\n\t<meta name=\"twitter:data1\" content=\"1\u00a0Minute\" \/>\n<script type=\"application\/ld+json\" class=\"yoast-schema-graph\">{\"@context\":\"https:\\\/\\\/schema.org\",\"@graph\":[{\"@type\":\"WebPage\",\"@id\":\"https:\\\/\\\/rivalago.it\\\/de\\\/events\\\/\",\"url\":\"https:\\\/\\\/rivalago.it\\\/de\\\/events\\\/\",\"name\":\"Events - Hotel Rivalago\",\"isPartOf\":{\"@id\":\"https:\\\/\\\/rivalago.it\\\/de\\\/#website\"},\"datePublished\":\"2020-11-09T16:26:02+00:00\",\"dateModified\":\"2025-08-27T13:39:17+00:00\",\"breadcrumb\":{\"@id\":\"https:\\\/\\\/rivalago.it\\\/de\\\/events\\\/#breadcrumb\"},\"inLanguage\":\"de\",\"potentialAction\":[{\"@type\":\"ReadAction\",\"target\":[\"https:\\\/\\\/rivalago.it\\\/de\\\/events\\\/\"]}]},{\"@type\":\"BreadcrumbList\",\"@id\":\"https:\\\/\\\/rivalago.it\\\/de\\\/events\\\/#breadcrumb\",\"itemListElement\":[{\"@type\":\"ListItem\",\"position\":1,\"name\":\"Home\",\"item\":\"https:\\\/\\\/rivalago.it\\\/de\\\/\"},{\"@type\":\"ListItem\",\"position\":2,\"name\":\"Events\"}]},{\"@type\":\"WebSite\",\"@id\":\"https:\\\/\\\/rivalago.it\\\/de\\\/#website\",\"url\":\"https:\\\/\\\/rivalago.it\\\/de\\\/\",\"name\":\"Hotel Rivalago\",\"description\":\"Il luogo pi\u00f9 esclusivo dove trascorrere piacevoli villeggiature in riva al lago d&#039;Iseo\",\"publisher\":{\"@id\":\"https:\\\/\\\/rivalago.it\\\/de\\\/#organization\"},\"potentialAction\":[{\"@type\":\"SearchAction\",\"target\":{\"@type\":\"EntryPoint\",\"urlTemplate\":\"https:\\\/\\\/rivalago.it\\\/de\\\/?s={search_term_string}\"},\"query-input\":{\"@type\":\"PropertyValueSpecification\",\"valueRequired\":true,\"valueName\":\"search_term_string\"}}],\"inLanguage\":\"de\"},{\"@type\":\"Organization\",\"@id\":\"https:\\\/\\\/rivalago.it\\\/de\\\/#organization\",\"name\":\"Hotel Rivalago\",\"url\":\"https:\\\/\\\/rivalago.it\\\/de\\\/\",\"logo\":{\"@type\":\"ImageObject\",\"inLanguage\":\"de\",\"@id\":\"https:\\\/\\\/rivalago.it\\\/de\\\/#\\\/schema\\\/logo\\\/image\\\/\",\"url\":\"https:\\\/\\\/rivalago.it\\\/wp-content\\\/uploads\\\/2018\\\/10\\\/hotel-rivalago-logo@2x.png\",\"contentUrl\":\"https:\\\/\\\/rivalago.it\\\/wp-content\\\/uploads\\\/2018\\\/10\\\/hotel-rivalago-logo@2x.png\",\"width\":400,\"height\":158,\"caption\":\"Hotel Rivalago\"},\"image\":{\"@id\":\"https:\\\/\\\/rivalago.it\\\/de\\\/#\\\/schema\\\/logo\\\/image\\\/\"}}]}<\/script>\n<!-- \/ Yoast SEO plugin. -->","yoast_head_json":{"title":"Events - Hotel Rivalago","robots":{"index":"index","follow":"follow","max-snippet":"max-snippet:-1","max-image-preview":"max-image-preview:large","max-video-preview":"max-video-preview:-1"},"canonical":"https:\/\/rivalago.it\/de\/events\/","og_locale":"de_DE","og_type":"article","og_title":"Events - Hotel Rivalago","og_description":"[vc_row][vc_column][\/vc_column][\/vc_row]","og_url":"https:\/\/rivalago.it\/de\/events\/","og_site_name":"Hotel Rivalago","article_modified_time":"2025-08-27T13:39:17+00:00","twitter_card":"summary_large_image","twitter_misc":{"Gesch\u00e4tzte Lesezeit":"1\u00a0Minute"},"schema":{"@context":"https:\/\/schema.org","@graph":[{"@type":"WebPage","@id":"https:\/\/rivalago.it\/de\/events\/","url":"https:\/\/rivalago.it\/de\/events\/","name":"Events - Hotel Rivalago","isPartOf":{"@id":"https:\/\/rivalago.it\/de\/#website"},"datePublished":"2020-11-09T16:26:02+00:00","dateModified":"2025-08-27T13:39:17+00:00","breadcrumb":{"@id":"https:\/\/rivalago.it\/de\/events\/#breadcrumb"},"inLanguage":"de","potentialAction":[{"@type":"ReadAction","target":["https:\/\/rivalago.it\/de\/events\/"]}]},{"@type":"BreadcrumbList","@id":"https:\/\/rivalago.it\/de\/events\/#breadcrumb","itemListElement":[{"@type":"ListItem","position":1,"name":"Home","item":"https:\/\/rivalago.it\/de\/"},{"@type":"ListItem","position":2,"name":"Events"}]},{"@type":"WebSite","@id":"https:\/\/rivalago.it\/de\/#website","url":"https:\/\/rivalago.it\/de\/","name":"Hotel Rivalago","description":"Il luogo pi\u00f9 esclusivo dove trascorrere piacevoli villeggiature in riva al lago d&#039;Iseo","publisher":{"@id":"https:\/\/rivalago.it\/de\/#organization"},"potentialAction":[{"@type":"SearchAction","target":{"@type":"EntryPoint","urlTemplate":"https:\/\/rivalago.it\/de\/?s={search_term_string}"},"query-input":{"@type":"PropertyValueSpecification","valueRequired":true,"valueName":"search_term_string"}}],"inLanguage":"de"},{"@type":"Organization","@id":"https:\/\/rivalago.it\/de\/#organization","name":"Hotel Rivalago","url":"https:\/\/rivalago.it\/de\/","logo":{"@type":"ImageObject","inLanguage":"de","@id":"https:\/\/rivalago.it\/de\/#\/schema\/logo\/image\/","url":"https:\/\/rivalago.it\/wp-content\/uploads\/2018\/10\/hotel-rivalago-logo@2x.png","contentUrl":"https:\/\/rivalago.it\/wp-content\/uploads\/2018\/10\/hotel-rivalago-logo@2x.png","width":400,"height":158,"caption":"Hotel Rivalago"},"image":{"@id":"https:\/\/rivalago.it\/de\/#\/schema\/logo\/image\/"}}]}},"_links":{"self":[{"href":"https:\/\/rivalago.it\/de\/wp-json\/wp\/v2\/pages\/8565","targetHints":{"allow":["GET"]}}],"collection":[{"href":"https:\/\/rivalago.it\/de\/wp-json\/wp\/v2\/pages"}],"about":[{"href":"https:\/\/rivalago.it\/de\/wp-json\/wp\/v2\/types\/page"}],"author":[{"embeddable":true,"href":"https:\/\/rivalago.it\/de\/wp-json\/wp\/v2\/users\/11"}],"replies":[{"embeddable":true,"href":"https:\/\/rivalago.it\/de\/wp-json\/wp\/v2\/comments?post=8565"}],"version-history":[{"count":5,"href":"https:\/\/rivalago.it\/de\/wp-json\/wp\/v2\/pages\/8565\/revisions"}],"predecessor-version":[{"id":9647,"href":"https:\/\/rivalago.it\/de\/wp-json\/wp\/v2\/pages\/8565\/revisions\/9647"}],"wp:attachment":[{"href":"https:\/\/rivalago.it\/de\/wp-json\/wp\/v2\/media?parent=8565"}],"curies":[{"name":"wp","href":"https:\/\/api.w.org\/{rel}","templated":true}]}}