{"id":8573,"date":"2020-10-28T14:31:38","date_gmt":"2020-10-28T14:31:38","guid":{"rendered":"https:\/\/rivalago.it\/informationen\/useful-information\/"},"modified":"2025-08-26T17:47:31","modified_gmt":"2025-08-26T17:47:31","slug":"nuetzliche-informationen","status":"publish","type":"page","link":"https:\/\/rivalago.it\/de\/informationen\/nuetzliche-informationen\/","title":{"rendered":"N\u00fctzliche Informationen"},"content":{"rendered":"<div class=\"wpb-content-wrapper\"><p>[vc_row][vc_column offset=&#8221;vc_col-md-offset-1 vc_col-md-10&#8243;][vc_row_inner css=&#8221;.vc_custom_1603896165231{padding-top: 0px !important;padding-bottom: 20px !important;}&#8221;][vc_column_inner][vc_custom_heading text=&#8221;Parken&#8221; use_theme_fonts=&#8221;yes&#8221; css=&#8221;&#8221;][\/vc_column_inner][\/vc_row_inner][vc_row_inner][vc_column_inner width=&#8221;1\/3&#8243;][vc_single_image image=&#8221;4607&#8243; img_size=&#8221;full&#8221;][\/vc_column_inner][vc_column_inner width=&#8221;2\/3&#8243;][vc_column_text css=&#8221;&#8221;]Das Hotel Rivalago verf\u00fcgt \u00fcber 16 Parkpl\u00e4tze, die gegen Geb\u00fchr und nach Reservierung genutzt werden k\u00f6nnen.<\/p>\n<p>Sulzano ist ein kleines Dorf mit engen Stra\u00dfen und Gassen. Wenn Sie die Wahl haben, welches Auto Sie mitbringen, oder einen Mietwagen nutzen, wird empfohlen, ein kleineres Fahrzeug zu w\u00e4hlen, um leichter parken zu k\u00f6nnen.<br \/>\nSeit 2017 verf\u00fcgt das Hotel Rivalago \u00fcber eine Repower-Ladestation f\u00fcr Elektroautos.<br \/>\nBei voller Belegung arbeitet das Hotel Rivalago mit einem bewachten Parkplatz ca. 500 Meter entfernt zusammen (ca. 5 Minuten zu Fu\u00df).[\/vc_column_text][\/vc_column_inner][\/vc_row_inner][\/vc_column][\/vc_row][vc_row][vc_column offset=&#8221;vc_col-md-offset-1 vc_col-md-10&#8243;][vc_row_inner css=&#8221;.vc_custom_1603896165231{padding-top: 0px !important;padding-bottom: 20px !important;}&#8221;][vc_column_inner][vc_custom_heading text=&#8221;Zahlung und Stornierung&#8221; use_theme_fonts=&#8221;yes&#8221; css=&#8221;&#8221;][\/vc_column_inner][\/vc_row_inner][vc_row_inner][vc_column_inner width=&#8221;1\/3&#8243;][vc_single_image image=&#8221;4611&#8243; img_size=&#8221;full&#8221;][\/vc_column_inner][vc_column_inner width=&#8221;2\/3&#8243;][vc_column_text css=&#8221;&#8221;]Die Zahlung kann bar, mit EC-Karte, Kreditkarte, PayPal oder im Voraus per Bank\u00fcberweisung erfolgen. Bitte beachten Sie, dass der H\u00f6chstbetrag f\u00fcr Barzahlungen in Italien f\u00fcr italienische Staatsb\u00fcrger 3.000 \u20ac betr\u00e4gt. Schecks werden nicht akzeptiert.[\/vc_column_text][\/vc_column_inner][\/vc_row_inner][\/vc_column][\/vc_row][vc_row][vc_column offset=&#8221;vc_col-md-offset-1 vc_col-md-10&#8243;][vc_row_inner css=&#8221;.vc_custom_1603896165231{padding-top: 0px !important;padding-bottom: 20px !important;}&#8221;][vc_column_inner][vc_custom_heading text=&#8221;Haustiere&#8221; use_theme_fonts=&#8221;yes&#8221; css=&#8221;&#8221;][\/vc_column_inner][\/vc_row_inner][vc_row_inner][vc_column_inner width=&#8221;1\/3&#8243;][vc_single_image image=&#8221;4609&#8243; img_size=&#8221;full&#8221;][\/vc_column_inner][vc_column_inner width=&#8221;2\/3&#8243;][vc_column_text css=&#8221;&#8221;]Obwohl unsere Familie und das gesamte Personal Tiere lieben, sind aus hygienischen und gesundheitlichen Gr\u00fcnden Haustiere im Hotel nicht erlaubt.<br \/>\nSie sind jedoch in unserem Garten willkommen, wenn Sie auf einen Kaffee oder zum Mittag-\/Abendessen vorbeikommen. In der N\u00e4he des Hotels gibt es Hundepensionen und Hundesitter f\u00fcr diejenigen, die nicht ohne ihren vierbeinigen Freund reisen k\u00f6nnen.[\/vc_column_text][\/vc_column_inner][\/vc_row_inner][\/vc_column][\/vc_row]<\/p>\n<\/div>","protected":false},"excerpt":{"rendered":"<p>[vc_row][vc_column offset=&#8221;vc_col-md-offset-1 vc_col-md-10&#8243;][vc_row_inner css=&#8221;.vc_custom_1603896165231{padding-top: 0px !important;padding-bottom: 20px !important;}&#8221;][vc_column_inner][vc_custom_heading text=&#8221;Parken&#8221; use_theme_fonts=&#8221;yes&#8221; css=&#8221;&#8221;][\/vc_column_inner][\/vc_row_inner][vc_row_inner][vc_column_inner width=&#8221;1\/3&#8243;][vc_single_image image=&#8221;4607&#8243; img_size=&#8221;full&#8221;][\/vc_column_inner][vc_column_inner width=&#8221;2\/3&#8243;][vc_column_text css=&#8221;&#8221;]Das Hotel Rivalago&#8230;<\/p>\n","protected":false},"author":11,"featured_media":0,"parent":8554,"menu_order":0,"comment_status":"closed","ping_status":"closed","template":"","meta":{"_acf_changed":false,"footnotes":""},"class_list":["post-8573","page","type-page","status-publish","hentry"],"acf":[],"yoast_head":"<!-- This site is optimized with the Yoast SEO plugin v27.4 - https:\/\/yoast.com\/product\/yoast-seo-wordpress\/ -->\n<title>N\u00fctzliche Informationen - Hotel Rivalago<\/title>\n<meta name=\"robots\" content=\"index, follow, max-snippet:-1, max-image-preview:large, max-video-preview:-1\" \/>\n<link rel=\"canonical\" href=\"https:\/\/rivalago.it\/de\/informationen\/nuetzliche-informationen\/\" \/>\n<meta property=\"og:locale\" content=\"de_DE\" \/>\n<meta property=\"og:type\" content=\"article\" \/>\n<meta property=\"og:title\" content=\"N\u00fctzliche Informationen - Hotel Rivalago\" \/>\n<meta property=\"og:description\" content=\"[vc_row][vc_column offset=&#8221;vc_col-md-offset-1 vc_col-md-10&#8243;][vc_row_inner css=&#8221;.vc_custom_1603896165231{padding-top: 0px !important;padding-bottom: 20px !important;}&#8221;][vc_column_inner][vc_custom_heading text=&#8221;Parken&#8221; use_theme_fonts=&#8221;yes&#8221; css=&#8221;&#8221;][\/vc_column_inner][\/vc_row_inner][vc_row_inner][vc_column_inner width=&#8221;1\/3&#8243;][vc_single_image image=&#8221;4607&#8243; img_size=&#8221;full&#8221;][\/vc_column_inner][vc_column_inner width=&#8221;2\/3&#8243;][vc_column_text css=&#8221;&#8221;]Das Hotel Rivalago...\" \/>\n<meta property=\"og:url\" content=\"https:\/\/rivalago.it\/de\/informationen\/nuetzliche-informationen\/\" \/>\n<meta property=\"og:site_name\" content=\"Hotel Rivalago\" \/>\n<meta property=\"article:modified_time\" content=\"2025-08-26T17:47:31+00:00\" \/>\n<meta name=\"twitter:card\" content=\"summary_large_image\" \/>\n<meta name=\"twitter:label1\" content=\"Gesch\u00e4tzte Lesezeit\" \/>\n\t<meta name=\"twitter:data1\" content=\"2\u00a0Minuten\" \/>\n<script type=\"application\/ld+json\" class=\"yoast-schema-graph\">{\"@context\":\"https:\\\/\\\/schema.org\",\"@graph\":[{\"@type\":\"WebPage\",\"@id\":\"https:\\\/\\\/rivalago.it\\\/de\\\/informationen\\\/nuetzliche-informationen\\\/\",\"url\":\"https:\\\/\\\/rivalago.it\\\/de\\\/informationen\\\/nuetzliche-informationen\\\/\",\"name\":\"N\u00fctzliche Informationen - Hotel Rivalago\",\"isPartOf\":{\"@id\":\"https:\\\/\\\/rivalago.it\\\/de\\\/#website\"},\"datePublished\":\"2020-10-28T14:31:38+00:00\",\"dateModified\":\"2025-08-26T17:47:31+00:00\",\"breadcrumb\":{\"@id\":\"https:\\\/\\\/rivalago.it\\\/de\\\/informationen\\\/nuetzliche-informationen\\\/#breadcrumb\"},\"inLanguage\":\"de\",\"potentialAction\":[{\"@type\":\"ReadAction\",\"target\":[\"https:\\\/\\\/rivalago.it\\\/de\\\/informationen\\\/nuetzliche-informationen\\\/\"]}]},{\"@type\":\"BreadcrumbList\",\"@id\":\"https:\\\/\\\/rivalago.it\\\/de\\\/informationen\\\/nuetzliche-informationen\\\/#breadcrumb\",\"itemListElement\":[{\"@type\":\"ListItem\",\"position\":1,\"name\":\"Home\",\"item\":\"https:\\\/\\\/rivalago.it\\\/de\\\/\"},{\"@type\":\"ListItem\",\"position\":2,\"name\":\"Informationen\",\"item\":\"https:\\\/\\\/rivalago.it\\\/de\\\/informationen\\\/\"},{\"@type\":\"ListItem\",\"position\":3,\"name\":\"N\u00fctzliche Informationen\"}]},{\"@type\":\"WebSite\",\"@id\":\"https:\\\/\\\/rivalago.it\\\/de\\\/#website\",\"url\":\"https:\\\/\\\/rivalago.it\\\/de\\\/\",\"name\":\"Hotel Rivalago\",\"description\":\"Il luogo pi\u00f9 esclusivo dove trascorrere piacevoli villeggiature in riva al lago d&#039;Iseo\",\"publisher\":{\"@id\":\"https:\\\/\\\/rivalago.it\\\/de\\\/#organization\"},\"potentialAction\":[{\"@type\":\"SearchAction\",\"target\":{\"@type\":\"EntryPoint\",\"urlTemplate\":\"https:\\\/\\\/rivalago.it\\\/de\\\/?s={search_term_string}\"},\"query-input\":{\"@type\":\"PropertyValueSpecification\",\"valueRequired\":true,\"valueName\":\"search_term_string\"}}],\"inLanguage\":\"de\"},{\"@type\":\"Organization\",\"@id\":\"https:\\\/\\\/rivalago.it\\\/de\\\/#organization\",\"name\":\"Hotel Rivalago\",\"url\":\"https:\\\/\\\/rivalago.it\\\/de\\\/\",\"logo\":{\"@type\":\"ImageObject\",\"inLanguage\":\"de\",\"@id\":\"https:\\\/\\\/rivalago.it\\\/de\\\/#\\\/schema\\\/logo\\\/image\\\/\",\"url\":\"https:\\\/\\\/rivalago.it\\\/wp-content\\\/uploads\\\/2018\\\/10\\\/hotel-rivalago-logo@2x.png\",\"contentUrl\":\"https:\\\/\\\/rivalago.it\\\/wp-content\\\/uploads\\\/2018\\\/10\\\/hotel-rivalago-logo@2x.png\",\"width\":400,\"height\":158,\"caption\":\"Hotel Rivalago\"},\"image\":{\"@id\":\"https:\\\/\\\/rivalago.it\\\/de\\\/#\\\/schema\\\/logo\\\/image\\\/\"}}]}<\/script>\n<!-- \/ Yoast SEO plugin. -->","yoast_head_json":{"title":"N\u00fctzliche Informationen - Hotel Rivalago","robots":{"index":"index","follow":"follow","max-snippet":"max-snippet:-1","max-image-preview":"max-image-preview:large","max-video-preview":"max-video-preview:-1"},"canonical":"https:\/\/rivalago.it\/de\/informationen\/nuetzliche-informationen\/","og_locale":"de_DE","og_type":"article","og_title":"N\u00fctzliche Informationen - Hotel Rivalago","og_description":"[vc_row][vc_column offset=&#8221;vc_col-md-offset-1 vc_col-md-10&#8243;][vc_row_inner css=&#8221;.vc_custom_1603896165231{padding-top: 0px !important;padding-bottom: 20px !important;}&#8221;][vc_column_inner][vc_custom_heading text=&#8221;Parken&#8221; use_theme_fonts=&#8221;yes&#8221; css=&#8221;&#8221;][\/vc_column_inner][\/vc_row_inner][vc_row_inner][vc_column_inner width=&#8221;1\/3&#8243;][vc_single_image image=&#8221;4607&#8243; img_size=&#8221;full&#8221;][\/vc_column_inner][vc_column_inner width=&#8221;2\/3&#8243;][vc_column_text css=&#8221;&#8221;]Das Hotel Rivalago...","og_url":"https:\/\/rivalago.it\/de\/informationen\/nuetzliche-informationen\/","og_site_name":"Hotel Rivalago","article_modified_time":"2025-08-26T17:47:31+00:00","twitter_card":"summary_large_image","twitter_misc":{"Gesch\u00e4tzte Lesezeit":"2\u00a0Minuten"},"schema":{"@context":"https:\/\/schema.org","@graph":[{"@type":"WebPage","@id":"https:\/\/rivalago.it\/de\/informationen\/nuetzliche-informationen\/","url":"https:\/\/rivalago.it\/de\/informationen\/nuetzliche-informationen\/","name":"N\u00fctzliche Informationen - Hotel Rivalago","isPartOf":{"@id":"https:\/\/rivalago.it\/de\/#website"},"datePublished":"2020-10-28T14:31:38+00:00","dateModified":"2025-08-26T17:47:31+00:00","breadcrumb":{"@id":"https:\/\/rivalago.it\/de\/informationen\/nuetzliche-informationen\/#breadcrumb"},"inLanguage":"de","potentialAction":[{"@type":"ReadAction","target":["https:\/\/rivalago.it\/de\/informationen\/nuetzliche-informationen\/"]}]},{"@type":"BreadcrumbList","@id":"https:\/\/rivalago.it\/de\/informationen\/nuetzliche-informationen\/#breadcrumb","itemListElement":[{"@type":"ListItem","position":1,"name":"Home","item":"https:\/\/rivalago.it\/de\/"},{"@type":"ListItem","position":2,"name":"Informationen","item":"https:\/\/rivalago.it\/de\/informationen\/"},{"@type":"ListItem","position":3,"name":"N\u00fctzliche Informationen"}]},{"@type":"WebSite","@id":"https:\/\/rivalago.it\/de\/#website","url":"https:\/\/rivalago.it\/de\/","name":"Hotel Rivalago","description":"Il luogo pi\u00f9 esclusivo dove trascorrere piacevoli villeggiature in riva al lago d&#039;Iseo","publisher":{"@id":"https:\/\/rivalago.it\/de\/#organization"},"potentialAction":[{"@type":"SearchAction","target":{"@type":"EntryPoint","urlTemplate":"https:\/\/rivalago.it\/de\/?s={search_term_string}"},"query-input":{"@type":"PropertyValueSpecification","valueRequired":true,"valueName":"search_term_string"}}],"inLanguage":"de"},{"@type":"Organization","@id":"https:\/\/rivalago.it\/de\/#organization","name":"Hotel Rivalago","url":"https:\/\/rivalago.it\/de\/","logo":{"@type":"ImageObject","inLanguage":"de","@id":"https:\/\/rivalago.it\/de\/#\/schema\/logo\/image\/","url":"https:\/\/rivalago.it\/wp-content\/uploads\/2018\/10\/hotel-rivalago-logo@2x.png","contentUrl":"https:\/\/rivalago.it\/wp-content\/uploads\/2018\/10\/hotel-rivalago-logo@2x.png","width":400,"height":158,"caption":"Hotel Rivalago"},"image":{"@id":"https:\/\/rivalago.it\/de\/#\/schema\/logo\/image\/"}}]}},"_links":{"self":[{"href":"https:\/\/rivalago.it\/de\/wp-json\/wp\/v2\/pages\/8573","targetHints":{"allow":["GET"]}}],"collection":[{"href":"https:\/\/rivalago.it\/de\/wp-json\/wp\/v2\/pages"}],"about":[{"href":"https:\/\/rivalago.it\/de\/wp-json\/wp\/v2\/types\/page"}],"author":[{"embeddable":true,"href":"https:\/\/rivalago.it\/de\/wp-json\/wp\/v2\/users\/11"}],"replies":[{"embeddable":true,"href":"https:\/\/rivalago.it\/de\/wp-json\/wp\/v2\/comments?post=8573"}],"version-history":[{"count":2,"href":"https:\/\/rivalago.it\/de\/wp-json\/wp\/v2\/pages\/8573\/revisions"}],"predecessor-version":[{"id":8581,"href":"https:\/\/rivalago.it\/de\/wp-json\/wp\/v2\/pages\/8573\/revisions\/8581"}],"up":[{"embeddable":true,"href":"https:\/\/rivalago.it\/de\/wp-json\/wp\/v2\/pages\/8554"}],"wp:attachment":[{"href":"https:\/\/rivalago.it\/de\/wp-json\/wp\/v2\/media?parent=8573"}],"curies":[{"name":"wp","href":"https:\/\/api.w.org\/{rel}","templated":true}]}}