{"id":8584,"date":"2020-10-28T15:44:55","date_gmt":"2020-10-28T15:44:55","guid":{"rendered":"https:\/\/rivalago.it\/informationen\/sustainability-programs\/"},"modified":"2025-08-26T17:52:02","modified_gmt":"2025-08-26T17:52:02","slug":"oekologie","status":"publish","type":"page","link":"https:\/\/rivalago.it\/de\/informationen\/oekologie\/","title":{"rendered":"\u00d6kologie"},"content":{"rendered":"<div class=\"wpb-content-wrapper\"><p>[vc_row][vc_column offset=&#8221;vc_col-md-offset-1 vc_col-md-10&#8243;][vc_row_inner css=&#8221;.vc_custom_1603896165231{padding-top: 0px !important;padding-bottom: 20px !important;}&#8221;][vc_column_inner][vc_custom_heading text=&#8221;ERNEUERBARE ENERGIEN&#8221; use_theme_fonts=&#8221;yes&#8221; css=&#8221;&#8221;][\/vc_column_inner][\/vc_row_inner][vc_row_inner][vc_column_inner width=&#8221;1\/3&#8243;][vc_single_image image=&#8221;4686&#8243; img_size=&#8221;full&#8221;][\/vc_column_inner][vc_column_inner width=&#8221;2\/3&#8243;][vc_column_text css=&#8221;&#8221;]Seit mehreren Jahren nutzt das Hotel Rivalago ausschlie\u00dflich Energie, die zu 100 % aus Wind, Wasser und Sonne erzeugt wird.<br \/>\nDie Garantie wird von T\u00dcV S\u00dcD bereitgestellt, einer international anerkannten und akkreditierten Zertifizierungsstelle.[\/vc_column_text][\/vc_column_inner][\/vc_row_inner][\/vc_column][\/vc_row][vc_row][vc_column offset=&#8221;vc_col-md-offset-1 vc_col-md-10&#8243;][vc_row_inner css=&#8221;.vc_custom_1603896165231{padding-top: 0px !important;padding-bottom: 20px !important;}&#8221;][vc_column_inner][vc_custom_heading text=&#8221;ELEKTROAUTOLADEN&#8221; use_theme_fonts=&#8221;yes&#8221; css=&#8221;&#8221;][\/vc_column_inner][\/vc_row_inner][vc_row_inner][vc_column_inner width=&#8221;1\/3&#8243;][vc_single_image image=&#8221;4689&#8243; img_size=&#8221;full&#8221;][\/vc_column_inner][vc_column_inner width=&#8221;2\/3&#8243;][vc_column_text css=&#8221;&#8221;]Das Hotel Rivalago verf\u00fcgt \u00fcber 4 Ladestationen f\u00fcr Elektroautos.<br \/>\nSein LED-System, energiesparend und hocheffizient, wird durch nat\u00fcrliches Licht gesteuert und leuchtet nur, wenn es ben\u00f6tigt wird.<br \/>\nWie der gesamte Strom im Hotel Rivalago stammt auch dieser zu 100 % aus erneuerbaren Quellen.[\/vc_column_text][\/vc_column_inner][\/vc_row_inner][\/vc_column][\/vc_row][vc_row][vc_column offset=&#8221;vc_col-md-offset-1 vc_col-md-10&#8243;][vc_row_inner css=&#8221;.vc_custom_1603896165231{padding-top: 0px !important;padding-bottom: 20px !important;}&#8221;][vc_column_inner][vc_custom_heading text=&#8221;\u00d6KOLOGISCHE PRODUKTE&#8221; use_theme_fonts=&#8221;yes&#8221; css=&#8221;&#8221;][\/vc_column_inner][\/vc_row_inner][vc_row_inner][vc_column_inner width=&#8221;1\/3&#8243;][vc_single_image image=&#8221;4691&#8243; img_size=&#8221;full&#8221;][\/vc_column_inner][vc_column_inner width=&#8221;2\/3&#8243;][vc_column_text css=&#8221;&#8221;]Die Produkte, die zur Reinigung unserer Zimmer und Gemeinschaftsbereiche verwendet werden, sind \u00f6kologisch: Alle Inhaltsstoffe sind sicher f\u00fcr Mensch und Natur, pflanzlich und hochgradig biologisch abbaubar.<\/p>\n<p>Die Produkte sind Cradle to Cradle Gold Certified\u2122; die Formulierungen haben den Platin-Standard erreicht.<\/p>\n<p>Bald werden wir auch die Einzeldosis-Fl\u00e4schchen des Courtesy-Sets durch praktische, abfallreduzierende Spender ersetzen, um den Kunststoffverbrauch weiter zu reduzieren.[\/vc_column_text][\/vc_column_inner][\/vc_row_inner][\/vc_column][\/vc_row][vc_row][vc_column offset=&#8221;vc_col-md-offset-1 vc_col-md-10&#8243;][vc_row_inner css=&#8221;.vc_custom_1603896165231{padding-top: 0px !important;padding-bottom: 20px !important;}&#8221;][vc_column_inner][vc_custom_heading text=&#8221;\u00d6KOLOGISCHE UND SICHERE W\u00c4SCHEREI&#8221; use_theme_fonts=&#8221;yes&#8221; css=&#8221;&#8221;][\/vc_column_inner][\/vc_row_inner][vc_row_inner][vc_column_inner width=&#8221;1\/3&#8243;][vc_single_image image=&#8221;4695&#8243; img_size=&#8221;full&#8221;][\/vc_column_inner][vc_column_inner width=&#8221;2\/3&#8243;][vc_column_text css=&#8221;&#8221;]Im Hotel Rivalago achten wir sorgf\u00e4ltig auf die Wahl unserer Partner.<br \/>\nDie W\u00e4scherei ist umweltzertifiziert (UNI EN ISO 14001). Die W\u00e4sche, die in unserer W\u00e4scherei Val Wash behandelt wird, ist nach dem Biokontaminationssystem R.A.B.C. gem\u00e4\u00df UNI EN 14065:2016 zertifiziert.<\/p>\n<p>Dar\u00fcber hinaus verf\u00fcgt die W\u00e4scherei \u00fcber die Zertifizierungen ISO 9001:2015 und ISO 14000:2015.[\/vc_column_text][\/vc_column_inner][\/vc_row_inner][\/vc_column][\/vc_row][vc_row][vc_column offset=&#8221;vc_col-md-offset-1 vc_col-md-10&#8243;][vc_row_inner css=&#8221;.vc_custom_1603896165231{padding-top: 0px !important;padding-bottom: 20px !important;}&#8221;][vc_column_inner][vc_single_image image=&#8221;4140&#8243; img_size=&#8221;full&#8221;][\/vc_column_inner][\/vc_row_inner][\/vc_column][\/vc_row]<\/p>\n<\/div>","protected":false},"excerpt":{"rendered":"<p>[vc_row][vc_column offset=&#8221;vc_col-md-offset-1 vc_col-md-10&#8243;][vc_row_inner css=&#8221;.vc_custom_1603896165231{padding-top: 0px !important;padding-bottom: 20px !important;}&#8221;][vc_column_inner][vc_custom_heading text=&#8221;ERNEUERBARE ENERGIEN&#8221; use_theme_fonts=&#8221;yes&#8221; css=&#8221;&#8221;][\/vc_column_inner][\/vc_row_inner][vc_row_inner][vc_column_inner width=&#8221;1\/3&#8243;][vc_single_image image=&#8221;4686&#8243; img_size=&#8221;full&#8221;][\/vc_column_inner][vc_column_inner width=&#8221;2\/3&#8243;][vc_column_text css=&#8221;&#8221;]Seit mehreren&#8230;<\/p>\n","protected":false},"author":11,"featured_media":0,"parent":8554,"menu_order":0,"comment_status":"closed","ping_status":"closed","template":"","meta":{"_acf_changed":false,"footnotes":""},"class_list":["post-8584","page","type-page","status-publish","hentry"],"acf":[],"yoast_head":"<!-- This site is optimized with the Yoast SEO plugin v27.3 - https:\/\/yoast.com\/product\/yoast-seo-wordpress\/ -->\n<title>\u00d6kologie - Hotel Rivalago<\/title>\n<meta name=\"robots\" content=\"index, follow, max-snippet:-1, max-image-preview:large, max-video-preview:-1\" \/>\n<link rel=\"canonical\" href=\"https:\/\/rivalago.it\/de\/informationen\/oekologie\/\" \/>\n<meta property=\"og:locale\" content=\"de_DE\" \/>\n<meta property=\"og:type\" content=\"article\" \/>\n<meta property=\"og:title\" content=\"\u00d6kologie - Hotel Rivalago\" \/>\n<meta property=\"og:description\" content=\"[vc_row][vc_column offset=&#8221;vc_col-md-offset-1 vc_col-md-10&#8243;][vc_row_inner css=&#8221;.vc_custom_1603896165231{padding-top: 0px !important;padding-bottom: 20px !important;}&#8221;][vc_column_inner][vc_custom_heading text=&#8221;ERNEUERBARE ENERGIEN&#8221; use_theme_fonts=&#8221;yes&#8221; css=&#8221;&#8221;][\/vc_column_inner][\/vc_row_inner][vc_row_inner][vc_column_inner width=&#8221;1\/3&#8243;][vc_single_image image=&#8221;4686&#8243; img_size=&#8221;full&#8221;][\/vc_column_inner][vc_column_inner width=&#8221;2\/3&#8243;][vc_column_text css=&#8221;&#8221;]Seit mehreren...\" \/>\n<meta property=\"og:url\" content=\"https:\/\/rivalago.it\/de\/informationen\/oekologie\/\" \/>\n<meta property=\"og:site_name\" content=\"Hotel Rivalago\" \/>\n<meta property=\"article:modified_time\" content=\"2025-08-26T17:52:02+00:00\" \/>\n<meta name=\"twitter:card\" content=\"summary_large_image\" \/>\n<meta name=\"twitter:label1\" content=\"Gesch\u00e4tzte Lesezeit\" \/>\n\t<meta name=\"twitter:data1\" content=\"3\u00a0Minuten\" \/>\n<script type=\"application\/ld+json\" class=\"yoast-schema-graph\">{\"@context\":\"https:\\\/\\\/schema.org\",\"@graph\":[{\"@type\":\"WebPage\",\"@id\":\"https:\\\/\\\/rivalago.it\\\/de\\\/informationen\\\/oekologie\\\/\",\"url\":\"https:\\\/\\\/rivalago.it\\\/de\\\/informationen\\\/oekologie\\\/\",\"name\":\"\u00d6kologie - Hotel Rivalago\",\"isPartOf\":{\"@id\":\"https:\\\/\\\/rivalago.it\\\/de\\\/#website\"},\"datePublished\":\"2020-10-28T15:44:55+00:00\",\"dateModified\":\"2025-08-26T17:52:02+00:00\",\"breadcrumb\":{\"@id\":\"https:\\\/\\\/rivalago.it\\\/de\\\/informationen\\\/oekologie\\\/#breadcrumb\"},\"inLanguage\":\"de\",\"potentialAction\":[{\"@type\":\"ReadAction\",\"target\":[\"https:\\\/\\\/rivalago.it\\\/de\\\/informationen\\\/oekologie\\\/\"]}]},{\"@type\":\"BreadcrumbList\",\"@id\":\"https:\\\/\\\/rivalago.it\\\/de\\\/informationen\\\/oekologie\\\/#breadcrumb\",\"itemListElement\":[{\"@type\":\"ListItem\",\"position\":1,\"name\":\"Home\",\"item\":\"https:\\\/\\\/rivalago.it\\\/de\\\/\"},{\"@type\":\"ListItem\",\"position\":2,\"name\":\"Informationen\",\"item\":\"https:\\\/\\\/rivalago.it\\\/de\\\/informationen\\\/\"},{\"@type\":\"ListItem\",\"position\":3,\"name\":\"\u00d6kologie\"}]},{\"@type\":\"WebSite\",\"@id\":\"https:\\\/\\\/rivalago.it\\\/de\\\/#website\",\"url\":\"https:\\\/\\\/rivalago.it\\\/de\\\/\",\"name\":\"Hotel Rivalago\",\"description\":\"Il luogo pi\u00f9 esclusivo dove trascorrere piacevoli villeggiature in riva al lago d&#039;Iseo\",\"publisher\":{\"@id\":\"https:\\\/\\\/rivalago.it\\\/de\\\/#organization\"},\"potentialAction\":[{\"@type\":\"SearchAction\",\"target\":{\"@type\":\"EntryPoint\",\"urlTemplate\":\"https:\\\/\\\/rivalago.it\\\/de\\\/?s={search_term_string}\"},\"query-input\":{\"@type\":\"PropertyValueSpecification\",\"valueRequired\":true,\"valueName\":\"search_term_string\"}}],\"inLanguage\":\"de\"},{\"@type\":\"Organization\",\"@id\":\"https:\\\/\\\/rivalago.it\\\/de\\\/#organization\",\"name\":\"Hotel Rivalago\",\"url\":\"https:\\\/\\\/rivalago.it\\\/de\\\/\",\"logo\":{\"@type\":\"ImageObject\",\"inLanguage\":\"de\",\"@id\":\"https:\\\/\\\/rivalago.it\\\/de\\\/#\\\/schema\\\/logo\\\/image\\\/\",\"url\":\"https:\\\/\\\/rivalago.it\\\/wp-content\\\/uploads\\\/2018\\\/10\\\/hotel-rivalago-logo@2x.png\",\"contentUrl\":\"https:\\\/\\\/rivalago.it\\\/wp-content\\\/uploads\\\/2018\\\/10\\\/hotel-rivalago-logo@2x.png\",\"width\":400,\"height\":158,\"caption\":\"Hotel Rivalago\"},\"image\":{\"@id\":\"https:\\\/\\\/rivalago.it\\\/de\\\/#\\\/schema\\\/logo\\\/image\\\/\"}}]}<\/script>\n<!-- \/ Yoast SEO plugin. -->","yoast_head_json":{"title":"\u00d6kologie - Hotel Rivalago","robots":{"index":"index","follow":"follow","max-snippet":"max-snippet:-1","max-image-preview":"max-image-preview:large","max-video-preview":"max-video-preview:-1"},"canonical":"https:\/\/rivalago.it\/de\/informationen\/oekologie\/","og_locale":"de_DE","og_type":"article","og_title":"\u00d6kologie - Hotel Rivalago","og_description":"[vc_row][vc_column offset=&#8221;vc_col-md-offset-1 vc_col-md-10&#8243;][vc_row_inner css=&#8221;.vc_custom_1603896165231{padding-top: 0px !important;padding-bottom: 20px !important;}&#8221;][vc_column_inner][vc_custom_heading text=&#8221;ERNEUERBARE ENERGIEN&#8221; use_theme_fonts=&#8221;yes&#8221; css=&#8221;&#8221;][\/vc_column_inner][\/vc_row_inner][vc_row_inner][vc_column_inner width=&#8221;1\/3&#8243;][vc_single_image image=&#8221;4686&#8243; img_size=&#8221;full&#8221;][\/vc_column_inner][vc_column_inner width=&#8221;2\/3&#8243;][vc_column_text css=&#8221;&#8221;]Seit mehreren...","og_url":"https:\/\/rivalago.it\/de\/informationen\/oekologie\/","og_site_name":"Hotel Rivalago","article_modified_time":"2025-08-26T17:52:02+00:00","twitter_card":"summary_large_image","twitter_misc":{"Gesch\u00e4tzte Lesezeit":"3\u00a0Minuten"},"schema":{"@context":"https:\/\/schema.org","@graph":[{"@type":"WebPage","@id":"https:\/\/rivalago.it\/de\/informationen\/oekologie\/","url":"https:\/\/rivalago.it\/de\/informationen\/oekologie\/","name":"\u00d6kologie - Hotel Rivalago","isPartOf":{"@id":"https:\/\/rivalago.it\/de\/#website"},"datePublished":"2020-10-28T15:44:55+00:00","dateModified":"2025-08-26T17:52:02+00:00","breadcrumb":{"@id":"https:\/\/rivalago.it\/de\/informationen\/oekologie\/#breadcrumb"},"inLanguage":"de","potentialAction":[{"@type":"ReadAction","target":["https:\/\/rivalago.it\/de\/informationen\/oekologie\/"]}]},{"@type":"BreadcrumbList","@id":"https:\/\/rivalago.it\/de\/informationen\/oekologie\/#breadcrumb","itemListElement":[{"@type":"ListItem","position":1,"name":"Home","item":"https:\/\/rivalago.it\/de\/"},{"@type":"ListItem","position":2,"name":"Informationen","item":"https:\/\/rivalago.it\/de\/informationen\/"},{"@type":"ListItem","position":3,"name":"\u00d6kologie"}]},{"@type":"WebSite","@id":"https:\/\/rivalago.it\/de\/#website","url":"https:\/\/rivalago.it\/de\/","name":"Hotel Rivalago","description":"Il luogo pi\u00f9 esclusivo dove trascorrere piacevoli villeggiature in riva al lago d&#039;Iseo","publisher":{"@id":"https:\/\/rivalago.it\/de\/#organization"},"potentialAction":[{"@type":"SearchAction","target":{"@type":"EntryPoint","urlTemplate":"https:\/\/rivalago.it\/de\/?s={search_term_string}"},"query-input":{"@type":"PropertyValueSpecification","valueRequired":true,"valueName":"search_term_string"}}],"inLanguage":"de"},{"@type":"Organization","@id":"https:\/\/rivalago.it\/de\/#organization","name":"Hotel Rivalago","url":"https:\/\/rivalago.it\/de\/","logo":{"@type":"ImageObject","inLanguage":"de","@id":"https:\/\/rivalago.it\/de\/#\/schema\/logo\/image\/","url":"https:\/\/rivalago.it\/wp-content\/uploads\/2018\/10\/hotel-rivalago-logo@2x.png","contentUrl":"https:\/\/rivalago.it\/wp-content\/uploads\/2018\/10\/hotel-rivalago-logo@2x.png","width":400,"height":158,"caption":"Hotel Rivalago"},"image":{"@id":"https:\/\/rivalago.it\/de\/#\/schema\/logo\/image\/"}}]}},"_links":{"self":[{"href":"https:\/\/rivalago.it\/de\/wp-json\/wp\/v2\/pages\/8584","targetHints":{"allow":["GET"]}}],"collection":[{"href":"https:\/\/rivalago.it\/de\/wp-json\/wp\/v2\/pages"}],"about":[{"href":"https:\/\/rivalago.it\/de\/wp-json\/wp\/v2\/types\/page"}],"author":[{"embeddable":true,"href":"https:\/\/rivalago.it\/de\/wp-json\/wp\/v2\/users\/11"}],"replies":[{"embeddable":true,"href":"https:\/\/rivalago.it\/de\/wp-json\/wp\/v2\/comments?post=8584"}],"version-history":[{"count":3,"href":"https:\/\/rivalago.it\/de\/wp-json\/wp\/v2\/pages\/8584\/revisions"}],"predecessor-version":[{"id":8598,"href":"https:\/\/rivalago.it\/de\/wp-json\/wp\/v2\/pages\/8584\/revisions\/8598"}],"up":[{"embeddable":true,"href":"https:\/\/rivalago.it\/de\/wp-json\/wp\/v2\/pages\/8554"}],"wp:attachment":[{"href":"https:\/\/rivalago.it\/de\/wp-json\/wp\/v2\/media?parent=8584"}],"curies":[{"name":"wp","href":"https:\/\/api.w.org\/{rel}","templated":true}]}}